{"id":22,"date":"2025-03-13T12:05:21","date_gmt":"2025-03-13T11:05:21","guid":{"rendered":"https:\/\/4decopes.com\/?page_id=22"},"modified":"2025-07-23T09:41:55","modified_gmt":"2025-07-23T07:41:55","slug":"inicio","status":"publish","type":"page","link":"https:\/\/4decopes.com\/val\/","title":{"rendered":""},"content":{"rendered":"\t\t<div data-elementor-type=\"wp-page\" data-elementor-id=\"22\" class=\"elementor elementor-22\" data-elementor-post-type=\"page\">\n\t\t\t\t<div class=\"elementor-element elementor-element-f537e46 e-con-full e-flex e-con e-parent\" data-id=\"f537e46\" data-element_type=\"container\" data-e-type=\"container\" data-settings=\"{&quot;background_background&quot;:&quot;classic&quot;}\">\n\t\t\t\t<div class=\"elementor-element elementor-element-9223de6 elementor-widget__width-inherit elementor-widget elementor-widget-heading\" data-id=\"9223de6\" data-element_type=\"widget\" data-e-type=\"widget\" data-widget_type=\"heading.default\">\n\t\t\t\t<div class=\"elementor-widget-container\">\n\t\t\t\t\t<h2 class=\"elementor-heading-title elementor-size-default\">eventos<\/h2>\t\t\t\t<\/div>\n\t\t\t\t<\/div>\n\t\t<div class=\"elementor-element elementor-element-e253c67 e-con-full e-flex e-con e-child\" data-id=\"e253c67\" data-element_type=\"container\" data-e-type=\"container\">\n\t\t\t\t<div class=\"elementor-element elementor-element-2415fe8 elementor-widget__width-initial elementor-widget elementor-widget-image\" data-id=\"2415fe8\" data-element_type=\"widget\" data-e-type=\"widget\" data-widget_type=\"image.default\">\n\t\t\t\t<div class=\"elementor-widget-container\">\n\t\t\t\t\t\t\t\t\t\t\t\t\t\t\t<img fetchpriority=\"high\" decoding=\"async\" width=\"512\" height=\"640\" src=\"https:\/\/4decopes.com\/wp-content\/uploads\/2025\/07\/519969855_1324067692674097_2483576487761429819_n.jpg\" class=\"attachment-full size-full wp-image-628\" alt=\"\" srcset=\"https:\/\/4decopes.com\/wp-content\/uploads\/2025\/07\/519969855_1324067692674097_2483576487761429819_n.jpg 512w, https:\/\/4decopes.com\/wp-content\/uploads\/2025\/07\/519969855_1324067692674097_2483576487761429819_n-240x300.jpg 240w, https:\/\/4decopes.com\/wp-content\/uploads\/2025\/07\/519969855_1324067692674097_2483576487761429819_n-10x12.jpg 10w\" sizes=\"(max-width: 512px) 100vw, 512px\" \/>\t\t\t\t\t\t\t\t\t\t\t\t\t\t\t<\/div>\n\t\t\t\t<\/div>\n\t\t\t\t<\/div>\n\t\t<div class=\"elementor-element elementor-element-7a60e0d e-con-full e-flex e-con e-child\" data-id=\"7a60e0d\" data-element_type=\"container\" data-e-type=\"container\">\n\t\t\t\t<div class=\"elementor-element elementor-element-b8f4707 elementor-widget__width-initial elementor-widget elementor-widget-text-editor\" data-id=\"b8f4707\" data-element_type=\"widget\" data-e-type=\"widget\" data-widget_type=\"text-editor.default\">\n\t\t\t\t<div class=\"elementor-widget-container\">\n\t\t\t\t\t\t\t\t\t<p>Disfruta de diferentes eventos en nuestro local.<br \/>Desde escuchar buena m\u00fasica en vivo, ir al comp\u00e1s de las mezclas de un buen DJ, participar en nuestras noches de karaoke y mucho m\u00e1s.<br \/><br \/><br \/>Solo aqu\u00ed en el 4 de Copes.<\/p>\t\t\t\t\t\t\t\t<\/div>\n\t\t\t\t<\/div>\n\t\t\t\t<div class=\"elementor-element elementor-element-6a06f4a elementor-align-center elementor-widget elementor-widget-button\" data-id=\"6a06f4a\" data-element_type=\"widget\" data-e-type=\"widget\" data-widget_type=\"button.default\">\n\t\t\t\t<div class=\"elementor-widget-container\">\n\t\t\t\t\t\t\t\t\t<div class=\"elementor-button-wrapper\">\n\t\t\t\t\t<a class=\"elementor-button elementor-button-link elementor-size-sm\" href=\"https:\/\/4decopes.com\/eventos\/\">\n\t\t\t\t\t\t<span class=\"elementor-button-content-wrapper\">\n\t\t\t\t\t\t\t\t\t<span class=\"elementor-button-text\">saber mas<\/span>\n\t\t\t\t\t<\/span>\n\t\t\t\t\t<\/a>\n\t\t\t\t<\/div>\n\t\t\t\t\t\t\t\t<\/div>\n\t\t\t\t<\/div>\n\t\t\t\t<\/div>\n\t\t<div class=\"elementor-element elementor-element-a80a097 e-con-full e-flex e-con e-child\" data-id=\"a80a097\" data-element_type=\"container\" data-e-type=\"container\" data-settings=\"{&quot;background_background&quot;:&quot;classic&quot;}\">\n\t\t\t\t<div class=\"elementor-element elementor-element-dea724d elementor-widget-mobile__width-initial elementor-widget-tablet__width-initial elementor-widget elementor-widget-image\" data-id=\"dea724d\" data-element_type=\"widget\" data-e-type=\"widget\" data-settings=\"{&quot;motion_fx_motion_fx_scrolling&quot;:&quot;yes&quot;,&quot;motion_fx_translateX_effect&quot;:&quot;yes&quot;,&quot;motion_fx_translateX_speed&quot;:{&quot;unit&quot;:&quot;px&quot;,&quot;size&quot;:10,&quot;sizes&quot;:[]},&quot;motion_fx_translateX_affectedRange&quot;:{&quot;unit&quot;:&quot;%&quot;,&quot;size&quot;:&quot;&quot;,&quot;sizes&quot;:{&quot;start&quot;:0,&quot;end&quot;:100}},&quot;motion_fx_devices&quot;:[&quot;desktop&quot;,&quot;tablet&quot;,&quot;mobile&quot;]}\" data-widget_type=\"image.default\">\n\t\t\t\t<div class=\"elementor-widget-container\">\n\t\t\t\t\t\t\t\t\t\t\t\t\t\t\t<img decoding=\"async\" width=\"300\" height=\"300\" src=\"https:\/\/4decopes.com\/wp-content\/uploads\/2025\/03\/17510129-unscreen-3.gif\" class=\"attachment-medium size-medium wp-image-225\" alt=\"\" srcset=\"https:\/\/4decopes.com\/wp-content\/uploads\/2025\/03\/17510129-unscreen-3.gif 360w, https:\/\/4decopes.com\/wp-content\/uploads\/2025\/03\/elementor\/thumbs\/17510129-unscreen-3-r31br6wpv22abhkdcee1kmdje290m5mgc9ynroiwnk.gif 200w\" sizes=\"(max-width: 300px) 100vw, 300px\" \/>\t\t\t\t\t\t\t\t\t\t\t\t\t\t\t<\/div>\n\t\t\t\t<\/div>\n\t\t\t\t<\/div>\n\t\t\t\t<\/div>\n\t\t<div class=\"elementor-element elementor-element-6c0eb2e e-con-full e-flex e-con e-parent\" data-id=\"6c0eb2e\" data-element_type=\"container\" data-e-type=\"container\" data-settings=\"{&quot;background_background&quot;:&quot;classic&quot;}\">\n\t\t\t\t<div class=\"elementor-element elementor-element-bb6ef09 elementor-widget elementor-widget-heading\" data-id=\"bb6ef09\" data-element_type=\"widget\" data-e-type=\"widget\" data-widget_type=\"heading.default\">\n\t\t\t\t<div class=\"elementor-widget-container\">\n\t\t\t\t\t<h2 class=\"elementor-heading-title elementor-size-default\">EXPOSICIONES<\/h2>\t\t\t\t<\/div>\n\t\t\t\t<\/div>\n\t\t\t\t<\/div>\n\t\t<div class=\"elementor-element elementor-element-744ce18 e-con-full e-flex e-con e-parent\" data-id=\"744ce18\" data-element_type=\"container\" data-e-type=\"container\" data-settings=\"{&quot;background_background&quot;:&quot;classic&quot;}\">\n\t\t<div class=\"elementor-element elementor-element-9a62d6c e-con-full e-flex e-con e-child\" data-id=\"9a62d6c\" data-element_type=\"container\" data-e-type=\"container\">\n\t\t\t\t<div class=\"elementor-element elementor-element-bc596b0 elementor-widget__width-initial elementor-widget elementor-widget-text-editor\" data-id=\"bc596b0\" data-element_type=\"widget\" data-e-type=\"widget\" data-widget_type=\"text-editor.default\">\n\t\t\t\t<div class=\"elementor-widget-container\">\n\t\t\t\t\t\t\t\t\tVen a ver nuestra exposici\u00f3n de cuadros del artista local&#8230; <br>Disfruta del arte que te podemos ofrecer junto a unas buenas risas, ambiente acogedor y una buena copa.\t\t\t\t\t\t\t\t<\/div>\n\t\t\t\t<\/div>\n\t\t\t\t<div class=\"elementor-element elementor-element-be2334e elementor-align-center elementor-widget elementor-widget-button\" data-id=\"be2334e\" data-element_type=\"widget\" data-e-type=\"widget\" data-widget_type=\"button.default\">\n\t\t\t\t<div class=\"elementor-widget-container\">\n\t\t\t\t\t\t\t\t\t<div class=\"elementor-button-wrapper\">\n\t\t\t\t\t<a class=\"elementor-button elementor-button-link elementor-size-sm\" href=\"https:\/\/4decopes.com\/exposiciones\/\">\n\t\t\t\t\t\t<span class=\"elementor-button-content-wrapper\">\n\t\t\t\t\t\t\t\t\t<span class=\"elementor-button-text\">saber mas<\/span>\n\t\t\t\t\t<\/span>\n\t\t\t\t\t<\/a>\n\t\t\t\t<\/div>\n\t\t\t\t\t\t\t\t<\/div>\n\t\t\t\t<\/div>\n\t\t\t\t<\/div>\n\t\t<div class=\"elementor-element elementor-element-58cc5d6 e-con-full e-flex e-con e-child\" data-id=\"58cc5d6\" data-element_type=\"container\" data-e-type=\"container\">\n\t\t\t\t<div class=\"elementor-element elementor-element-dd976ed elementor-widget elementor-widget-image\" data-id=\"dd976ed\" data-element_type=\"widget\" data-e-type=\"widget\" data-widget_type=\"image.default\">\n\t\t\t\t<div class=\"elementor-widget-container\">\n\t\t\t\t\t\t\t\t\t\t\t\t\t\t\t<img decoding=\"async\" width=\"800\" height=\"534\" src=\"https:\/\/4decopes.com\/wp-content\/uploads\/2025\/03\/20250124162920_IMG_4830-1024x683.jpg\" class=\"attachment-large size-large wp-image-54\" alt=\"\" srcset=\"https:\/\/4decopes.com\/wp-content\/uploads\/2025\/03\/20250124162920_IMG_4830-1024x683.jpg 1024w, https:\/\/4decopes.com\/wp-content\/uploads\/2025\/03\/20250124162920_IMG_4830-300x200.jpg 300w, https:\/\/4decopes.com\/wp-content\/uploads\/2025\/03\/20250124162920_IMG_4830-768x512.jpg 768w, https:\/\/4decopes.com\/wp-content\/uploads\/2025\/03\/20250124162920_IMG_4830-1536x1024.jpg 1536w, https:\/\/4decopes.com\/wp-content\/uploads\/2025\/03\/20250124162920_IMG_4830-2048x1365.jpg 2048w\" sizes=\"(max-width: 800px) 100vw, 800px\" \/>\t\t\t\t\t\t\t\t\t\t\t\t\t\t\t<\/div>\n\t\t\t\t<\/div>\n\t\t\t\t<\/div>\n\t\t\t\t<\/div>\n\t\t\t\t<\/div>\n\t\t","protected":false},"excerpt":{"rendered":"<p>eventos Disfruta de diferentes eventos en nuestro local.Desde escuchar buena m\u00fasica en vivo, ir al comp\u00e1s de las mezclas de un buen DJ, participar en nuestras noches de karaoke y mucho m\u00e1s. Solo aqu\u00ed en el 4 de Copes. saber mas EXPOSICIONES Ven a ver nuestra exposici\u00f3n de cuadros del artista local&#8230; Disfruta del arte [&hellip;]<\/p>\n","protected":false},"author":1,"featured_media":0,"parent":0,"menu_order":0,"comment_status":"closed","ping_status":"closed","template":"","meta":{"footnotes":""},"class_list":["post-22","page","type-page","status-publish","hentry"],"_links":{"self":[{"href":"https:\/\/4decopes.com\/val\/wp-json\/wp\/v2\/pages\/22","targetHints":{"allow":["GET"]}}],"collection":[{"href":"https:\/\/4decopes.com\/val\/wp-json\/wp\/v2\/pages"}],"about":[{"href":"https:\/\/4decopes.com\/val\/wp-json\/wp\/v2\/types\/page"}],"author":[{"embeddable":true,"href":"https:\/\/4decopes.com\/val\/wp-json\/wp\/v2\/users\/1"}],"replies":[{"embeddable":true,"href":"https:\/\/4decopes.com\/val\/wp-json\/wp\/v2\/comments?post=22"}],"version-history":[{"count":128,"href":"https:\/\/4decopes.com\/val\/wp-json\/wp\/v2\/pages\/22\/revisions"}],"predecessor-version":[{"id":631,"href":"https:\/\/4decopes.com\/val\/wp-json\/wp\/v2\/pages\/22\/revisions\/631"}],"wp:attachment":[{"href":"https:\/\/4decopes.com\/val\/wp-json\/wp\/v2\/media?parent=22"}],"curies":[{"name":"wp","href":"https:\/\/api.w.org\/{rel}","templated":true}]}}